{"id":16246863,"date":"2022-12-02T11:14:49","date_gmt":"2022-12-02T10:14:49","guid":{"rendered":"https:\/\/test.prodez.cz\/?page_id=16246863"},"modified":"2025-06-17T06:00:58","modified_gmt":"2025-06-17T04:00:58","slug":"projekce","status":"publish","type":"page","link":"https:\/\/www.prodez.cz\/index.php\/projekce\/","title":{"rendered":"Projekce"},"content":{"rendered":"<p>[et_pb_section fb_built=&#8221;1&#8243; _builder_version=&#8221;4.19.1&#8243; _module_preset=&#8221;4067714e-28c7-4917-ba71-5dac3a06786b&#8221; use_background_color_gradient=&#8221;on&#8221; background_color_gradient_direction=&#8221;316deg&#8221; background_color_gradient_stops=&#8221;#5fba00 26%|#005fba 90%&#8221; background_color_gradient_start=&#8221;rgba(0,0,0,0)&#8221; background_color_gradient_start_position=&#8221;73%&#8221; background_color_gradient_end=&#8221;#ffffff&#8221; background_color_gradient_end_position=&#8221;73%&#8221; background_image=&#8221;https:\/\/www.prodez.cz\/wp-content\/uploads\/2022\/11\/pexels-thirdman-5582599_web.jpg&#8221; background_blend=&#8221;multiply&#8221; background_enable_pattern_style=&#8221;on&#8221; background_pattern_style=&#8221;squares&#8221; background_enable_mask_style=&#8221;on&#8221; background_mask_style=&#8221;honeycomb&#8221; background_mask_color=&#8221;#FFFFFF&#8221; background_mask_transform=&#8221;flip_horizontal|invert&#8221; background_mask_aspect_ratio=&#8221;square&#8221; background_mask_size=&#8221;cover&#8221; background_mask_position=&#8221;top_left&#8221; background_mask_blend_mode=&#8221;soft-light&#8221; custom_margin=&#8221;||||false|false&#8221; custom_padding=&#8221;80px|0px|80px|0px|false|false&#8221; collapsed=&#8221;off&#8221; global_colors_info=&#8221;{}&#8221;][\/et_pb_section][et_pb_section fb_built=&#8221;1&#8243; custom_padding_last_edited=&#8221;off|phone&#8221; _builder_version=&#8221;4.19.2&#8243; _module_preset=&#8221;4067714e-28c7-4917-ba71-5dac3a06786b&#8221; background_image=&#8221;https:\/\/www.prodez.cz\/wp-content\/uploads\/2022\/12\/bg_hexi_02_1080.png&#8221; parallax=&#8221;on&#8221; custom_padding=&#8221;50px|0px|50px|0px|false|false&#8221; custom_padding_tablet=&#8221;0px||||false|false&#8221; custom_padding_phone=&#8221;0px||||false|false&#8221; global_colors_info=&#8221;{}&#8221;][et_pb_row _builder_version=&#8221;4.16&#8243; _module_preset=&#8221;a2a477a8-7391-41b6-8d11-9fb7e569dffc&#8221; custom_padding=&#8221;|0px||0px|false|false&#8221; global_colors_info=&#8221;{}&#8221;][et_pb_column type=&#8221;4_4&#8243; _builder_version=&#8221;4.16&#8243; _module_preset=&#8221;default&#8221; custom_padding=&#8221;|||&#8221; global_colors_info=&#8221;{}&#8221; custom_padding__hover=&#8221;|||&#8221;][dipi_reading_progress_bar bar_position=&#8221;main&#8221; _builder_version=&#8221;4.19.0&#8243; _module_preset=&#8221;default&#8221; global_colors_info=&#8221;{}&#8221;][\/dipi_reading_progress_bar][et_pb_text _builder_version=&#8221;4.19.1&#8243; _module_preset=&#8221;default&#8221; text_font=&#8221;Roboto|700|||||||&#8221; text_text_color=&#8221;#000000&#8243; text_font_size=&#8221;30px&#8221; header_font=&#8221;Arimo|700||on|||||&#8221; header_font_size=&#8221;40px&#8221; header_2_font=&#8221;Roboto|700|||||||&#8221; header_2_text_color=&#8221;#0d1b2a&#8221; header_2_font_size=&#8221;36px&#8221; header_2_line_height=&#8221;1.1em&#8221; text_orientation=&#8221;center&#8221; custom_padding=&#8221;||15px||false|false&#8221; text_font_size_tablet=&#8221;&#8221; text_font_size_phone=&#8221;25px&#8221; text_font_size_last_edited=&#8221;on|desktop&#8221; header_2_text_align_tablet=&#8221;left&#8221; header_2_text_align_phone=&#8221;&#8221; header_2_text_align_last_edited=&#8221;on|phone&#8221; header_2_font_size_tablet=&#8221;&#8221; header_2_font_size_phone=&#8221;28px&#8221; header_2_font_size_last_edited=&#8221;on|phone&#8221; global_colors_info=&#8221;{}&#8221;]<\/p>\n<h1>projek\u010dn\u00ed SKUPINA<\/h1>\n<p>[\/et_pb_text][et_pb_text _builder_version=&#8221;4.19.4&#8243; _module_preset=&#8221;default&#8221; text_font=&#8221;Roboto|300|||||||&#8221; text_text_color=&#8221;#000000&#8243; text_line_height=&#8221;1.8em&#8221; text_orientation=&#8221;center&#8221; max_width_tablet=&#8221;100%&#8221; max_width_phone=&#8221;100%&#8221; max_width_last_edited=&#8221;on|phone&#8221; module_alignment=&#8221;center&#8221; text_orientation_tablet=&#8221;left&#8221; text_orientation_phone=&#8221;left&#8221; text_orientation_last_edited=&#8221;on|desktop&#8221; global_colors_info=&#8221;{}&#8221;]<\/p>\n<p class=\"p1\"><span>Na\u0161i projek\u010dn\u00ed skupinu tvo\u0159\u00ed v\u00edce ne\u017e 16 projektant\u016f. Ke sv\u00e9 pr\u00e1ci vyu\u017e\u00edvaj\u00ed nejmodern\u011bj\u0161\u00ed software a hardware.<\/span><\/p>\n<p>[\/et_pb_text][dipi_masonry_gallery gallery_ids=&#8221;16247007,16247000,16247005&#8243; show_lightbox=&#8221;off&#8221; icon_in_overlay=&#8221;off&#8221; columns=&#8221;3&#8243; gutter=&#8221;70&#8243; show_overflow=&#8221;on&#8221; image_animation=&#8221;zoom-in&#8221; image_count_tablet=&#8221;&#8221; image_count_phone=&#8221;&#8221; image_count_last_edited=&#8221;on|phone&#8221; columns_tablet=&#8221;3&#8243; columns_phone=&#8221;3&#8243; columns_last_edited=&#8221;on|phone&#8221; gutter_tablet=&#8221;70&#8243; gutter_phone=&#8221;0&#8243; gutter_last_edited=&#8221;on|phone&#8221; _builder_version=&#8221;4.19.4&#8243; _module_preset=&#8221;default&#8221; global_colors_info=&#8221;{}&#8221;][\/dipi_masonry_gallery][et_pb_text _builder_version=&#8221;4.19.2&#8243; _module_preset=&#8221;default&#8221; text_font=&#8221;Roboto|300|||||||&#8221; text_text_color=&#8221;#000000&#8243; text_line_height=&#8221;1.8em&#8221; text_orientation=&#8221;center&#8221; max_width_tablet=&#8221;100%&#8221; max_width_phone=&#8221;100%&#8221; max_width_last_edited=&#8221;on|phone&#8221; module_alignment=&#8221;center&#8221; text_orientation_tablet=&#8221;left&#8221; text_orientation_phone=&#8221;left&#8221; text_orientation_last_edited=&#8221;on|desktop&#8221; global_colors_info=&#8221;{}&#8221;]<\/p>\n<p class=\"p1\"><span>Mnohalet\u00e9 zku\u0161enosti v\u011bt\u0161iny z nich a pr\u00e1ce pro renomovan\u00e9 z\u00e1kazn\u00edky jsou z\u00e1rukou vysok\u00e9 kvality poskytovan\u00fdch slu\u017eeb a \u0159e\u0161en\u00ed.<\/span><\/p>\n<p>[\/et_pb_text][\/et_pb_column][\/et_pb_row][et_pb_row column_structure=&#8221;1_2,1_2&#8243; _builder_version=&#8221;4.19.2&#8243; _module_preset=&#8221;a2a477a8-7391-41b6-8d11-9fb7e569dffc&#8221; custom_padding=&#8221;|0px||0px|false|false&#8221; global_colors_info=&#8221;{}&#8221;][et_pb_column type=&#8221;1_2&#8243; _builder_version=&#8221;4.16&#8243; _module_preset=&#8221;default&#8221; custom_padding=&#8221;|||&#8221; global_colors_info=&#8221;{}&#8221; custom_padding__hover=&#8221;|||&#8221;][et_pb_text _builder_version=&#8221;4.19.3&#8243; _module_preset=&#8221;default&#8221; text_font=&#8221;Roboto|900|||||||&#8221; text_text_color=&#8221;#a0d666&#8243; text_font_size=&#8221;90px&#8221; text_letter_spacing=&#8221;-5px&#8221; text_line_height=&#8221;1.5em&#8221; header_font=&#8221;Roboto|900|||||||&#8221; header_text_color=&#8221;rgba(0,0,0,0.38)&#8221; header_font_size=&#8221;90px&#8221; header_letter_spacing=&#8221;-5px&#8221; header_line_height=&#8221;1.3em&#8221; global_colors_info=&#8221;{}&#8221;]<\/p>\n<p>01a<\/p>\n<p>[\/et_pb_text][et_pb_text _builder_version=&#8221;4.19.2&#8243; _module_preset=&#8221;default&#8221; text_font=&#8221;Roboto||||||||&#8221; text_text_color=&#8221;#000&#8243; text_font_size=&#8221;16px&#8221; text_line_height=&#8221;1.6em&#8221; header_font=&#8221;Roboto|700||on|||||&#8221; header_text_color=&#8221;#000000&#8243; header_font_size=&#8221;20px&#8221; header_line_height=&#8221;1.3em&#8221; header_2_font=&#8221;Roboto|900||on|||||&#8221; header_2_text_color=&#8221;#1b263b&#8221; header_2_font_size=&#8221;20px&#8221; header_2_line_height=&#8221;1.3em&#8221; header_3_font=&#8221;Roboto|900||on|||||&#8221; header_3_text_color=&#8221;#000000&#8243; header_3_font_size=&#8221;20px&#8221; header_3_line_height=&#8221;1.3em&#8221; custom_margin=&#8221;-110px||||false|false&#8221; custom_margin_tablet=&#8221;-108px||||false|false&#8221; custom_margin_phone=&#8221;&#8221; custom_margin_last_edited=&#8221;on|phone&#8221; custom_padding=&#8221;|31px||31px||true&#8221; global_colors_info=&#8221;{}&#8221;]<\/p>\n<h3>odd\u011blen\u00ed strojn\u00ed<\/h3>\n<p>[\/et_pb_text][et_pb_text _builder_version=&#8221;4.19.2&#8243; _module_preset=&#8221;default&#8221; text_font=&#8221;|300|||||||&#8221; global_colors_info=&#8221;{}&#8221;]<\/p>\n<ul>\n<li>N\u00e1vrh a v\u00fdpo\u010det hydraulick\u00fdch dopravn\u00edch okruh\u016f.<\/li>\n<li>N\u00e1vrh a v\u00fdpo\u010det topn\u00fdch soustav.<\/li>\n<li>N\u00e1vrh a v\u00fdpo\u010det chlad\u00edc\u00edch okruh\u016f.<\/li>\n<li>Chemicko \u2013 technologick\u00e9 v\u00fdpo\u010dty a n\u00e1vrhy.<\/li>\n<li>N\u00e1vrh, v\u00fdpo\u010det a konstrukce tlakov\u00fdch i netlakov\u00fdch n\u00e1dob.<\/li>\n<li>N\u00e1vrh, v\u00fdpo\u010det a v\u00fdvoj prototypov\u00fdch za\u0159\u00edzen\u00ed.<\/li>\n<\/ul>\n<p>[\/et_pb_text][et_pb_toggle title=&#8221;KONTAKT&#8221; open_toggle_text_color=&#8221;#1B263B&#8221; open_toggle_background_color=&#8221;RGBA(255,255,255,0)&#8221; closed_toggle_text_color=&#8221;#1B263B&#8221; closed_toggle_background_color=&#8221;RGBA(255,255,255,0)&#8221; _builder_version=&#8221;4.19.2&#8243; _module_preset=&#8221;default&#8221; title_text_color=&#8221;#1B263B&#8221; title_font=&#8221;|700|||||||&#8221; title_font_size=&#8221;20px&#8221; closed_title_font=&#8221;|700|||||||&#8221; closed_title_font_size=&#8221;20px&#8221; closed_title_line_height=&#8221;1em&#8221; body_font=&#8221;|300|||||||&#8221; custom_padding=&#8221;0px||0px||false|false&#8221; border_width_all=&#8221;0px&#8221; global_colors_info=&#8221;{}&#8221;]<\/p>\n<p>Vedouc\u00ed odd\u011blen\u00ed: <strong>Ing. Ji\u0159\u00ed Bure\u0161<\/strong><br \/>Tel.: +420 571 694 364<br \/>Email: j.bures@prodez.cz<\/p>\n<p>[\/et_pb_toggle][\/et_pb_column][et_pb_column type=&#8221;1_2&#8243; _builder_version=&#8221;4.16&#8243; _module_preset=&#8221;default&#8221; custom_padding=&#8221;|||&#8221; global_colors_info=&#8221;{}&#8221; custom_padding__hover=&#8221;|||&#8221;][et_pb_text _builder_version=&#8221;4.19.3&#8243; _module_preset=&#8221;default&#8221; text_font=&#8221;Roboto|900|||||||&#8221; text_text_color=&#8221;#a0d666&#8243; text_font_size=&#8221;90px&#8221; text_letter_spacing=&#8221;-5px&#8221; text_line_height=&#8221;1.5em&#8221; header_font=&#8221;Roboto|900|||||||&#8221; header_text_color=&#8221;rgba(0,0,0,0.38)&#8221; header_font_size=&#8221;90px&#8221; header_letter_spacing=&#8221;-5px&#8221; header_line_height=&#8221;1.3em&#8221; global_colors_info=&#8221;{}&#8221;]<\/p>\n<p>01b<\/p>\n<p>[\/et_pb_text][et_pb_text _builder_version=&#8221;4.19.2&#8243; _module_preset=&#8221;default&#8221; text_font=&#8221;Roboto||||||||&#8221; text_text_color=&#8221;#000&#8243; text_font_size=&#8221;16px&#8221; text_line_height=&#8221;1.6em&#8221; header_font=&#8221;Roboto|700||on|||||&#8221; header_text_color=&#8221;#000000&#8243; header_font_size=&#8221;20px&#8221; header_line_height=&#8221;1.3em&#8221; header_2_font=&#8221;Roboto|900||on|||||&#8221; header_2_text_color=&#8221;#1b263b&#8221; header_2_font_size=&#8221;20px&#8221; header_2_line_height=&#8221;1.3em&#8221; header_3_font=&#8221;Roboto|900||on|||||&#8221; header_3_text_color=&#8221;#000000&#8243; header_3_font_size=&#8221;20px&#8221; header_3_line_height=&#8221;1.3em&#8221; custom_margin=&#8221;-110px||||false|false&#8221; custom_margin_tablet=&#8221;-108px||||false|false&#8221; custom_margin_phone=&#8221;&#8221; custom_margin_last_edited=&#8221;on|phone&#8221; custom_padding=&#8221;|31px||31px||true&#8221; global_colors_info=&#8221;{}&#8221;]<\/p>\n<h3>odd\u011blen\u00ed stavebn\u00ed<\/h3>\n<p>[\/et_pb_text][et_pb_text _builder_version=&#8221;4.19.4&#8243; _module_preset=&#8221;default&#8221; text_font=&#8221;|300|||||||&#8221; global_colors_info=&#8221;{}&#8221;]<\/p>\n<ul>\n<li>N\u00e1vrhy v\u00fdrobn\u00edch a skladovac\u00edch objekt\u016f.<\/li>\n<li>N\u00e1vrhy administrativn\u00edch a soci\u00e1ln\u00edch za\u0159\u00edzen\u00ed.<\/li>\n<li>N\u00e1vrhy ocelov\u00fdch a \u017eelezobetonov\u00fdch konstrukc\u00ed.<\/li>\n<li>N\u00e1vrhy ob\u010dansk\u00e9 v\u00fdstavby.<\/li>\n<li>N\u00e1vrhy in\u017een\u00fdrsk\u00e9 v\u00fdstavby.<\/li>\n<li>N\u00e1vrhy speci\u00e1ln\u00edch staveb.<\/li>\n<\/ul>\n<p>[\/et_pb_text][et_pb_toggle title=&#8221;KONTAKT&#8221; open_toggle_text_color=&#8221;#1B263B&#8221; open_toggle_background_color=&#8221;RGBA(255,255,255,0)&#8221; closed_toggle_text_color=&#8221;#1B263B&#8221; closed_toggle_background_color=&#8221;RGBA(255,255,255,0)&#8221; _builder_version=&#8221;4.22.1&#8243; _module_preset=&#8221;default&#8221; title_text_color=&#8221;#1B263B&#8221; title_font=&#8221;|700|||||||&#8221; title_font_size=&#8221;20px&#8221; closed_title_font=&#8221;|700|||||||&#8221; closed_title_font_size=&#8221;20px&#8221; closed_title_line_height=&#8221;1em&#8221; body_font=&#8221;|300|||||||&#8221; custom_padding=&#8221;0px||0px||false|false&#8221; border_width_all=&#8221;0px&#8221; locked=&#8221;off&#8221; global_colors_info=&#8221;{}&#8221;]<\/p>\n<p>Vedouc\u00ed odd\u011blen\u00ed: <strong>Jakub St\u0159\u00edlka<\/strong><br \/>Tel.: +420 571 694 354<br \/>Email: j.strilka@prodez.cz<\/p>\n<p>[\/et_pb_toggle][\/et_pb_column][\/et_pb_row][et_pb_row column_structure=&#8221;1_2,1_2&#8243; _builder_version=&#8221;4.19.2&#8243; _module_preset=&#8221;a2a477a8-7391-41b6-8d11-9fb7e569dffc&#8221; custom_padding=&#8221;|0px||0px|false|false&#8221; global_colors_info=&#8221;{}&#8221;][et_pb_column type=&#8221;1_2&#8243; _builder_version=&#8221;4.16&#8243; _module_preset=&#8221;default&#8221; custom_padding=&#8221;|||&#8221; global_colors_info=&#8221;{}&#8221; custom_padding__hover=&#8221;|||&#8221;][et_pb_text _builder_version=&#8221;4.19.3&#8243; _module_preset=&#8221;default&#8221; text_font=&#8221;Roboto|900|||||||&#8221; text_text_color=&#8221;#a0d666&#8243; text_font_size=&#8221;90px&#8221; text_letter_spacing=&#8221;-5px&#8221; text_line_height=&#8221;1.5em&#8221; header_font=&#8221;Roboto|900|||||||&#8221; header_text_color=&#8221;rgba(0,0,0,0.38)&#8221; header_font_size=&#8221;90px&#8221; header_letter_spacing=&#8221;-5px&#8221; header_line_height=&#8221;1.3em&#8221; global_colors_info=&#8221;{}&#8221;]<\/p>\n<p>01c<\/p>\n<p>[\/et_pb_text][et_pb_text _builder_version=&#8221;4.19.2&#8243; _module_preset=&#8221;default&#8221; text_font=&#8221;Roboto||||||||&#8221; text_text_color=&#8221;#000&#8243; text_font_size=&#8221;16px&#8221; text_line_height=&#8221;1.6em&#8221; header_font=&#8221;Roboto|700||on|||||&#8221; header_text_color=&#8221;#000000&#8243; header_font_size=&#8221;20px&#8221; header_line_height=&#8221;1.3em&#8221; header_2_font=&#8221;Roboto|900||on|||||&#8221; header_2_text_color=&#8221;#1b263b&#8221; header_2_font_size=&#8221;20px&#8221; header_2_line_height=&#8221;1.3em&#8221; header_3_font=&#8221;Roboto|900||on|||||&#8221; header_3_text_color=&#8221;#000000&#8243; header_3_font_size=&#8221;20px&#8221; header_3_line_height=&#8221;1.3em&#8221; custom_margin=&#8221;-110px||||false|false&#8221; custom_margin_tablet=&#8221;-108px||||false|false&#8221; custom_margin_phone=&#8221;&#8221; custom_margin_last_edited=&#8221;on|phone&#8221; custom_padding=&#8221;|31px||31px||true&#8221; global_colors_info=&#8221;{}&#8221;]<\/p>\n<h3>odd\u011blen\u00ed elektro<\/h3>\n<p>[\/et_pb_text][et_pb_text _builder_version=&#8221;4.19.4&#8243; _module_preset=&#8221;default&#8221; text_font=&#8221;|300|||||||&#8221; custom_margin=&#8221;|-45px|||false|false&#8221; custom_margin_tablet=&#8221;|-40px|||false|false&#8221; custom_margin_phone=&#8221;|0px|||false|false&#8221; custom_margin_last_edited=&#8221;on|phone&#8221; global_colors_info=&#8221;{}&#8221;]<\/p>\n<ul>\n<li>Ur\u010dov\u00e1n\u00ed vn\u011bj\u0161\u00edch vliv\u016f a prostor\u016f s nebezpe\u010d\u00edm v\u00fdbuchu &#8211; Vypracov\u00e1n\u00ed protokolu.<\/li>\n<li>N\u00e1vrh a dimenzov\u00e1n\u00ed elektrick\u00e9ho nap\u00e1jen\u00ed stavby (technologie).<\/li>\n<li>N\u00e1vrh motorov\u00e9 elektroinstalace, v\u010detn\u011b ovl\u00e1d\u00e1n\u00ed a \u0159\u00edzen\u00ed frekven\u010dn\u00edch m\u011bni\u010d\u016f.<\/li>\n<li>N\u00e1vrh a v\u00fdpo\u010det um\u011bl\u00e9ho osv\u011btlen\u00ed.<\/li>\n<li>Specifikace za\u0159\u00edzen\u00ed a proveden\u00ed elektroinstalace do prost\u0159ed\u00ed s nebezpe\u010d\u00edm v\u00fdbuchu.<\/li>\n<\/ul>\n<p>[\/et_pb_text][et_pb_toggle title=&#8221;KONTAKT&#8221; open_toggle_text_color=&#8221;#1B263B&#8221; open_toggle_background_color=&#8221;RGBA(255,255,255,0)&#8221; closed_toggle_text_color=&#8221;#1B263B&#8221; closed_toggle_background_color=&#8221;RGBA(255,255,255,0)&#8221; _builder_version=&#8221;4.19.2&#8243; _module_preset=&#8221;default&#8221; title_text_color=&#8221;#1B263B&#8221; title_font=&#8221;|700|||||||&#8221; title_font_size=&#8221;20px&#8221; closed_title_font=&#8221;|700|||||||&#8221; closed_title_font_size=&#8221;20px&#8221; closed_title_line_height=&#8221;1em&#8221; body_font=&#8221;|300|||||||&#8221; custom_padding=&#8221;0px||0px||false|false&#8221; border_width_all=&#8221;0px&#8221; locked=&#8221;off&#8221; global_colors_info=&#8221;{}&#8221;]<\/p>\n<p>Vedouc\u00ed odd\u011blen\u00ed: <strong>Ing. Pavel Markus\u00edk<\/strong><br \/>Tel.: +420 571 694 330<br \/>Email: p.markusik@prodez.cz<\/p>\n<p>[\/et_pb_toggle][\/et_pb_column][et_pb_column type=&#8221;1_2&#8243; _builder_version=&#8221;4.16&#8243; _module_preset=&#8221;default&#8221; custom_padding=&#8221;|||&#8221; global_colors_info=&#8221;{}&#8221; custom_padding__hover=&#8221;|||&#8221;][et_pb_text _builder_version=&#8221;4.19.3&#8243; _module_preset=&#8221;default&#8221; text_font=&#8221;Roboto|900|||||||&#8221; text_text_color=&#8221;#a0d666&#8243; text_font_size=&#8221;90px&#8221; text_letter_spacing=&#8221;-5px&#8221; text_line_height=&#8221;1.5em&#8221; header_font=&#8221;Roboto|900|||||||&#8221; header_text_color=&#8221;rgba(0,0,0,0.38)&#8221; header_font_size=&#8221;90px&#8221; header_letter_spacing=&#8221;-5px&#8221; header_line_height=&#8221;1.3em&#8221; global_colors_info=&#8221;{}&#8221;]<\/p>\n<p>01d<\/p>\n<p>[\/et_pb_text][et_pb_text _builder_version=&#8221;4.19.2&#8243; _module_preset=&#8221;default&#8221; text_font=&#8221;Roboto||||||||&#8221; text_text_color=&#8221;#000&#8243; text_font_size=&#8221;16px&#8221; text_line_height=&#8221;1.6em&#8221; header_font=&#8221;Roboto|700||on|||||&#8221; header_text_color=&#8221;#000000&#8243; header_font_size=&#8221;20px&#8221; header_line_height=&#8221;1.3em&#8221; header_2_font=&#8221;Roboto|900||on|||||&#8221; header_2_text_color=&#8221;#1b263b&#8221; header_2_font_size=&#8221;20px&#8221; header_2_line_height=&#8221;1.3em&#8221; header_3_font=&#8221;Roboto|900||on|||||&#8221; header_3_text_color=&#8221;#000000&#8243; header_3_font_size=&#8221;20px&#8221; header_3_line_height=&#8221;1.3em&#8221; custom_margin=&#8221;-110px||||false|false&#8221; custom_margin_tablet=&#8221;-108px||||false|false&#8221; custom_margin_phone=&#8221;&#8221; custom_margin_last_edited=&#8221;on|phone&#8221; custom_padding=&#8221;|31px||31px||true&#8221; global_colors_info=&#8221;{}&#8221;]<\/p>\n<h3>odd\u011blen\u00ed mar<\/h3>\n<p>[\/et_pb_text][et_pb_text _builder_version=&#8221;4.19.4&#8243; _module_preset=&#8221;default&#8221; text_font=&#8221;|300|||||||&#8221; custom_padding=&#8221;||26px||false|false&#8221; custom_padding_tablet=&#8221;||26px||false|false&#8221; custom_padding_phone=&#8221;||0px||false|false&#8221; custom_padding_last_edited=&#8221;on|phone&#8221; global_colors_info=&#8221;{}&#8221;]<\/p>\n<ul>\n<li>N\u00e1vrhy \u0159\u00eddic\u00edch syst\u00e9mu DCS, PLC, PAC, DDC.<\/li>\n<li>N\u00e1vrhy poln\u00ed instrumentace ve shod\u011b s\u00a0protokolem o ur\u010den\u00ed vn\u011bj\u0161\u00edch vliv\u016f.<\/li>\n<li>N\u00e1vrhy vizualizac\u00ed a SCADA \u0159e\u0161en\u00ed kompletn\u00ed technologie.<\/li>\n<li>Implementace v\u0161ech zm\u00edn\u011bn\u00fdch n\u00e1vrh\u016f do projektov\u00e9 dokumentace.<\/li>\n<li>Zpracov\u00e1n\u00ed rozpo\u010dtu dle projektov\u00e9 dokumentace.<\/li>\n<\/ul>\n<p>[\/et_pb_text][et_pb_toggle title=&#8221;KONTAKT&#8221; open_toggle_text_color=&#8221;#1B263B&#8221; open_toggle_background_color=&#8221;RGBA(255,255,255,0)&#8221; closed_toggle_text_color=&#8221;#1B263B&#8221; closed_toggle_background_color=&#8221;RGBA(255,255,255,0)&#8221; _builder_version=&#8221;4.27.4&#8243; _module_preset=&#8221;default&#8221; title_text_color=&#8221;#1B263B&#8221; title_font=&#8221;|700|||||||&#8221; title_font_size=&#8221;20px&#8221; closed_title_font=&#8221;|700|||||||&#8221; closed_title_font_size=&#8221;20px&#8221; closed_title_line_height=&#8221;1em&#8221; body_font=&#8221;|300|||||||&#8221; custom_padding=&#8221;0px||0px||false|false&#8221; hover_enabled=&#8221;0&#8243; border_width_all=&#8221;0px&#8221; locked=&#8221;off&#8221; global_colors_info=&#8221;{}&#8221; sticky_enabled=&#8221;0&#8243;]<\/p>\n<p>Vedouc\u00ed odd\u011blen\u00ed: <strong>Ing. Michal Hub\u00e1lek<\/strong><br \/>Tel.: +420 571 694 316<br \/>Email: m.hubalek@prodez.cz<\/p>\n<p>[\/et_pb_toggle][\/et_pb_column][\/et_pb_row][\/et_pb_section]<\/p>\n","protected":false},"excerpt":{"rendered":"<p><div class=\"et_pb_module dipi_reading_progress_bar dipi_reading_progress_bar_0\">\n\t\t\t\t\n\t\t\t\t\n\t\t\t\t\n\t\t\t\t\n\t\t\t\t\n\t\t\t\t\n\t\t\t\t<div class=\"et_pb_module_inner\">\n\t\t\t\t\t<div class=\"et_pb_module dipi_reading_progress_bar dipi_reading_progress_bar_0 dipi-reading-progress-wrap\" data-position=\"main\" data-color=\"#7cda24\" data-bgcolor=\"#fcfcfc\">\n                <div class=\"dipi-reading-progress dipi-reading-progress-main\">\n                    <div class=\"dipi-reading-progress-fill \"><\/div>\n                <\/div>\n            <\/div>\n\t\t\t\t<\/div>\n\t\t\t<\/div>projek\u010dn\u00ed SKUPINANa\u0161i projek\u010dn\u00ed skupinu tvo\u0159\u00ed v\u00edce ne\u017e 16 projektant\u016f. Ke sv\u00e9 pr\u00e1ci vyu\u017e\u00edvaj\u00ed nejmodern\u011bj\u0161\u00ed software a hardware.<div class=\"et_pb_module dipi_masonry_gallery dipi_masonry_gallery_0\">\n\t\t\t\t\n\t\t\t\t\n\t\t\t\t\n\t\t\t\t\n\t\t\t\t\n\t\t\t\t\n\t\t\t\t<div class=\"et_pb_module_inner\">\n\t\t\t\t\t<div class=\"dipi_masonry_gallery_wrapper\" data-config=\"{&quot;infinite_scroll_viewport&quot;:&quot;25%&quot;}\">\n                \n            <div\n                class=\"dipi_masonry_gallery_container animated none\"\n                \n                data-count=\"3\"\n                data-anim=\"none\"\n            >\n                <div class=\"grid hide_lightbox hide_lightbox_tablet hide_lightbox_phone hide_overlay \" data-lazy=\"false\" >\n                    <div class=\"grid-sizer\"><\/div><div class=\"gutter-sizer\"><\/div><div class=\"grid-item et_pb_gallery_image  tablet_hidden phone_hidden\">\n                       \n                        <div class=\"img-container dipi-mg-animation dipi-mg-zoom-in\" href=\"https:\/\/www.prodez.cz\/wp-content\/uploads\/2022\/12\/logo_solidedge_transp.png\">\n                            <img decoding=\"async\" src=\"https:\/\/www.prodez.cz\/wp-content\/uploads\/2022\/12\/logo_solidedge_transp.png\"\n                                alt=\"\"\n                                loading=\"lazy\"\n                            \/>\n                            <span class=\"dipi_masonry_gallery_overlay background\"><\/span>\n                <span class=\"dipi_masonry_gallery_overlay background-hover\"><\/span>\n                <span class=\"dipi_masonry_gallery_overlay content\" style=\"transition-duration: 0ms;\">\n                    \n                    \n                    \n                <\/span>\n                        <\/div>\n                    \n                <\/div><div class=\"grid-item et_pb_gallery_image  tablet_hidden phone_hidden\">\n                       \n                        <div class=\"img-container dipi-mg-animation dipi-mg-zoom-in\" href=\"https:\/\/www.prodez.cz\/wp-content\/uploads\/2022\/12\/logo_acad.png\">\n                            <img decoding=\"async\" src=\"https:\/\/www.prodez.cz\/wp-content\/uploads\/2022\/12\/logo_acad.png\"\n                                alt=\"\"\n                                loading=\"lazy\"\n                            \/>\n                            <span class=\"dipi_masonry_gallery_overlay background\"><\/span>\n                <span class=\"dipi_masonry_gallery_overlay background-hover\"><\/span>\n                <span class=\"dipi_masonry_gallery_overlay content\" style=\"transition-duration: 0ms;\">\n                    \n                    \n                    \n                <\/span>\n                        <\/div>\n                    \n                <\/div><div class=\"grid-item et_pb_gallery_image  tablet_hidden phone_hidden\">\n                       \n                        <div class=\"img-container dipi-mg-animation dipi-mg-zoom-in\" href=\"https:\/\/www.prodez.cz\/wp-content\/uploads\/2022\/12\/logo_astra_transp.png\">\n                            <img decoding=\"async\" src=\"https:\/\/www.prodez.cz\/wp-content\/uploads\/2022\/12\/logo_astra_transp.png\"\n                                alt=\"\"\n                                loading=\"lazy\"\n                            \/>\n                            <span class=\"dipi_masonry_gallery_overlay background\"><\/span>\n                <span class=\"dipi_masonry_gallery_overlay background-hover\"><\/span>\n                <span class=\"dipi_masonry_gallery_overlay content\" style=\"transition-duration: 0ms;\">\n                    \n                    \n                    \n                <\/span>\n                        <\/div>\n                    \n                <\/div>\n                <\/div>\n                \n            <\/div>\n            \n            <\/div>\n             \n\t\t\t\t<\/div>\n\t\t\t<\/div>Mnohalet\u00e9 zku\u0161enosti v\u011bt\u0161iny z nich a pr\u00e1ce pro renomovan\u00e9 z\u00e1kazn\u00edky jsou z\u00e1rukou vysok\u00e9 kvality poskytovan\u00fdch slu\u017eeb [&hellip;]<\/p>\n","protected":false},"author":1,"featured_media":0,"parent":0,"menu_order":0,"comment_status":"closed","ping_status":"closed","template":"","meta":{"_et_pb_use_builder":"on","_et_pb_old_content":"","_et_gb_content_width":"","footnotes":""},"dipi_cpt_category":[],"class_list":["post-16246863","page","type-page","status-publish","hentry"],"_links":{"self":[{"href":"https:\/\/www.prodez.cz\/index.php\/wp-json\/wp\/v2\/pages\/16246863","targetHints":{"allow":["GET"]}}],"collection":[{"href":"https:\/\/www.prodez.cz\/index.php\/wp-json\/wp\/v2\/pages"}],"about":[{"href":"https:\/\/www.prodez.cz\/index.php\/wp-json\/wp\/v2\/types\/page"}],"author":[{"embeddable":true,"href":"https:\/\/www.prodez.cz\/index.php\/wp-json\/wp\/v2\/users\/1"}],"replies":[{"embeddable":true,"href":"https:\/\/www.prodez.cz\/index.php\/wp-json\/wp\/v2\/comments?post=16246863"}],"version-history":[{"count":33,"href":"https:\/\/www.prodez.cz\/index.php\/wp-json\/wp\/v2\/pages\/16246863\/revisions"}],"predecessor-version":[{"id":16247562,"href":"https:\/\/www.prodez.cz\/index.php\/wp-json\/wp\/v2\/pages\/16246863\/revisions\/16247562"}],"wp:attachment":[{"href":"https:\/\/www.prodez.cz\/index.php\/wp-json\/wp\/v2\/media?parent=16246863"}],"wp:term":[{"taxonomy":"dipi_cpt_category","embeddable":true,"href":"https:\/\/www.prodez.cz\/index.php\/wp-json\/wp\/v2\/dipi_cpt_category?post=16246863"}],"curies":[{"name":"wp","href":"https:\/\/api.w.org\/{rel}","templated":true}]}}