{"id":16246906,"date":"2022-12-02T13:48:16","date_gmt":"2022-12-02T12:48:16","guid":{"rendered":"https:\/\/test.prodez.cz\/?page_id=16246906"},"modified":"2022-12-09T14:03:24","modified_gmt":"2022-12-09T13:03:24","slug":"poradenstvi","status":"publish","type":"page","link":"https:\/\/www.prodez.cz\/index.php\/poradenstvi\/","title":{"rendered":"Poradenstv\u00ed"},"content":{"rendered":"<p>[et_pb_section fb_built=&#8221;1&#8243; _builder_version=&#8221;4.19.1&#8243; _module_preset=&#8221;4067714e-28c7-4917-ba71-5dac3a06786b&#8221; use_background_color_gradient=&#8221;on&#8221; background_color_gradient_direction=&#8221;316deg&#8221; background_color_gradient_stops=&#8221;#5fba00 26%|#005fba 90%&#8221; background_color_gradient_start=&#8221;rgba(0,0,0,0)&#8221; background_color_gradient_start_position=&#8221;73%&#8221; background_color_gradient_end=&#8221;#ffffff&#8221; background_color_gradient_end_position=&#8221;73%&#8221; background_image=&#8221;https:\/\/www.prodez.cz\/wp-content\/uploads\/2022\/11\/pexels-thirdman-5582599_web.jpg&#8221; background_blend=&#8221;multiply&#8221; background_enable_pattern_style=&#8221;on&#8221; background_pattern_style=&#8221;squares&#8221; background_enable_mask_style=&#8221;on&#8221; background_mask_style=&#8221;honeycomb&#8221; background_mask_color=&#8221;#FFFFFF&#8221; background_mask_transform=&#8221;flip_horizontal|invert&#8221; background_mask_aspect_ratio=&#8221;square&#8221; background_mask_size=&#8221;cover&#8221; background_mask_position=&#8221;top_left&#8221; background_mask_blend_mode=&#8221;soft-light&#8221; custom_margin=&#8221;||||false|false&#8221; custom_padding=&#8221;80px|0px|80px|0px|false|false&#8221; collapsed=&#8221;off&#8221; global_colors_info=&#8221;{}&#8221;][\/et_pb_section][et_pb_section fb_built=&#8221;1&#8243; custom_padding_last_edited=&#8221;off|phone&#8221; _builder_version=&#8221;4.19.2&#8243; _module_preset=&#8221;4067714e-28c7-4917-ba71-5dac3a06786b&#8221; background_image=&#8221;https:\/\/www.prodez.cz\/wp-content\/uploads\/2022\/12\/bg_hexi_02_1080.png&#8221; parallax=&#8221;on&#8221; custom_padding=&#8221;50px|0px|50px|0px|false|false&#8221; custom_padding_tablet=&#8221;0px||||false|false&#8221; custom_padding_phone=&#8221;0px||||false|false&#8221; global_colors_info=&#8221;{}&#8221;][et_pb_row _builder_version=&#8221;4.16&#8243; _module_preset=&#8221;a2a477a8-7391-41b6-8d11-9fb7e569dffc&#8221; custom_padding=&#8221;|0px||0px|false|false&#8221; global_colors_info=&#8221;{}&#8221;][et_pb_column type=&#8221;4_4&#8243; _builder_version=&#8221;4.16&#8243; _module_preset=&#8221;default&#8221; custom_padding=&#8221;|||&#8221; global_colors_info=&#8221;{}&#8221; custom_padding__hover=&#8221;|||&#8221;][dipi_reading_progress_bar bar_position=&#8221;main&#8221; _builder_version=&#8221;4.19.0&#8243; _module_preset=&#8221;default&#8221; global_colors_info=&#8221;{}&#8221;][\/dipi_reading_progress_bar][et_pb_text _builder_version=&#8221;4.19.2&#8243; _module_preset=&#8221;default&#8221; text_font=&#8221;Roboto|700|||||||&#8221; text_text_color=&#8221;#000000&#8243; text_font_size=&#8221;30px&#8221; header_font=&#8221;Arimo|700||on|||||&#8221; header_font_size=&#8221;40px&#8221; header_2_font=&#8221;Roboto|700|||||||&#8221; header_2_text_color=&#8221;#0d1b2a&#8221; header_2_font_size=&#8221;36px&#8221; header_2_line_height=&#8221;1.1em&#8221; text_orientation=&#8221;center&#8221; custom_padding=&#8221;||15px||false|false&#8221; text_font_size_tablet=&#8221;&#8221; text_font_size_phone=&#8221;25px&#8221; text_font_size_last_edited=&#8221;on|desktop&#8221; header_2_text_align_tablet=&#8221;left&#8221; header_2_text_align_phone=&#8221;&#8221; header_2_text_align_last_edited=&#8221;on|phone&#8221; header_2_font_size_tablet=&#8221;&#8221; header_2_font_size_phone=&#8221;28px&#8221; header_2_font_size_last_edited=&#8221;on|phone&#8221; global_colors_info=&#8221;{}&#8221;]<\/p>\n<h1>poradensk\u00e1 \u010dinnost<\/h1>\n<p>[\/et_pb_text][et_pb_text _builder_version=&#8221;4.19.2&#8243; _module_preset=&#8221;default&#8221; text_font=&#8221;Roboto|300|||||||&#8221; text_text_color=&#8221;#000000&#8243; text_line_height=&#8221;1.8em&#8221; text_orientation=&#8221;center&#8221; max_width_tablet=&#8221;100%&#8221; max_width_phone=&#8221;100%&#8221; max_width_last_edited=&#8221;on|phone&#8221; module_alignment=&#8221;center&#8221; text_orientation_tablet=&#8221;left&#8221; text_orientation_phone=&#8221;left&#8221; text_orientation_last_edited=&#8221;on|desktop&#8221; global_colors_info=&#8221;{}&#8221;]<\/p>\n<p class=\"p1\">Pro zaji\u0161t\u011bn\u00ed vysok\u00e9 \u00farovn\u011b na\u0161ich slu\u017eeb v t\u00e9to oblasti m\u00e1me skupinu projektant\u016f, technik\u016f a spolupracujeme s p\u0159edn\u00edmi specialisty z r\u016fzn\u00fdch obor\u016f.<\/p>\n<p class=\"p1\">Realizujeme poradenstv\u00ed v tomto oboru a zaji\u0161\u0165ujeme slu\u017eby vedouc\u00ed k napl\u0148ov\u00e1n\u00ed platn\u00e9 legislativy v t\u00e9to oblasti.<\/p>\n<p>[\/et_pb_text][\/et_pb_column][\/et_pb_row][et_pb_row column_structure=&#8221;1_2,1_2&#8243; _builder_version=&#8221;4.19.2&#8243; _module_preset=&#8221;a2a477a8-7391-41b6-8d11-9fb7e569dffc&#8221; custom_padding=&#8221;|0px||0px|false|false&#8221; global_colors_info=&#8221;{}&#8221;][et_pb_column type=&#8221;1_2&#8243; _builder_version=&#8221;4.16&#8243; _module_preset=&#8221;default&#8221; custom_padding=&#8221;|||&#8221; global_colors_info=&#8221;{}&#8221; custom_padding__hover=&#8221;|||&#8221;][et_pb_text _builder_version=&#8221;4.19.2&#8243; _module_preset=&#8221;default&#8221; text_font=&#8221;|300|||||||&#8221; global_colors_info=&#8221;{}&#8221;]<\/p>\n<p><strong><span class=\"s1\">K hlavn\u00ed n\u00e1plni na\u0161\u00ed \u010dinnosti pat\u0159\u00ed zpracov\u00e1n\u00ed:<\/span><\/strong><\/p>\n<p><strong><span class=\"s1\"><\/span><\/strong><\/p>\n<ul class=\"ul1\">\n<li class=\"li1\"><span class=\"s1\">Protokolu o ur\u010den\u00ed vn\u011bj\u0161\u00edch vliv\u016f<\/span><\/li>\n<li class=\"li1\"><span class=\"s1\">Dokumentace o ochran\u011b p\u0159ed v\u00fdbuchem DOPV<\/span><\/li>\n<li class=\"li1\"><span class=\"s1\">Inspek\u010dn\u00edch zpr\u00e1v a certifik\u00e1t\u016f<\/span><\/li>\n<li class=\"li1\"><span class=\"s1\">Posudk\u016f a jin\u00e1 poradensk\u00e1 \u010dinnost<\/span><\/li>\n<\/ul>\n<p>[\/et_pb_text][et_pb_toggle title=&#8221;KONTAKT&#8221; open_toggle_text_color=&#8221;#1B263B&#8221; open_toggle_background_color=&#8221;RGBA(255,255,255,0)&#8221; closed_toggle_text_color=&#8221;#1B263B&#8221; closed_toggle_background_color=&#8221;RGBA(255,255,255,0)&#8221; _builder_version=&#8221;4.19.2&#8243; _module_preset=&#8221;default&#8221; title_text_color=&#8221;#1B263B&#8221; title_font=&#8221;|700|||||||&#8221; title_font_size=&#8221;20px&#8221; closed_title_font=&#8221;|700|||||||&#8221; closed_title_font_size=&#8221;20px&#8221; closed_title_line_height=&#8221;1em&#8221; body_font=&#8221;|300|||||||&#8221; custom_padding=&#8221;0px||0px||false|false&#8221; border_width_all=&#8221;0px&#8221; global_colors_info=&#8221;{}&#8221;]<\/p>\n<p>Kontaktn\u00ed osoba: <strong><span>Ing. Pavel Markus\u00edk<\/span><\/strong><br \/>Tel.: +420 571 694 330<br \/>Email: p.markusik@prodez.cz<\/p>\n<p>[\/et_pb_toggle][\/et_pb_column][et_pb_column type=&#8221;1_2&#8243; _builder_version=&#8221;4.16&#8243; _module_preset=&#8221;default&#8221; custom_padding=&#8221;|||&#8221; global_colors_info=&#8221;{}&#8221; custom_padding__hover=&#8221;|||&#8221;][et_pb_image src=&#8221;https:\/\/www.prodez.cz\/wp-content\/uploads\/2022\/11\/sluzby_poradenstvi_ex.jpg&#8221; title_text=&#8221;sluzby_poradenstvi_ex&#8221; _builder_version=&#8221;4.19.2&#8243; _module_preset=&#8221;default&#8221; box_shadow_style=&#8221;preset3&#8243; global_colors_info=&#8221;{}&#8221;][\/et_pb_image][\/et_pb_column][\/et_pb_row][\/et_pb_section]<\/p>\n","protected":false},"excerpt":{"rendered":"<p><div class=\"et_pb_module dipi_reading_progress_bar dipi_reading_progress_bar_0\">\n\t\t\t\t\n\t\t\t\t\n\t\t\t\t\n\t\t\t\t\n\t\t\t\t\n\t\t\t\t\n\t\t\t\t<div class=\"et_pb_module_inner\">\n\t\t\t\t\t<div class=\"et_pb_module dipi_reading_progress_bar dipi_reading_progress_bar_0 dipi-reading-progress-wrap\" data-position=\"main\" data-color=\"#7cda24\" data-bgcolor=\"#fcfcfc\">\n                <div class=\"dipi-reading-progress dipi-reading-progress-main\">\n                    <div class=\"dipi-reading-progress-fill \"><\/div>\n                <\/div>\n            <\/div>\n\t\t\t\t<\/div>\n\t\t\t<\/div>poradensk\u00e1 \u010dinnostPro zaji\u0161t\u011bn\u00ed vysok\u00e9 \u00farovn\u011b na\u0161ich slu\u017eeb v t\u00e9to oblasti m\u00e1me skupinu projektant\u016f, technik\u016f a spolupracujeme s p\u0159edn\u00edmi specialisty z r\u016fzn\u00fdch obor\u016f. Realizujeme poradenstv\u00ed v tomto oboru a zaji\u0161\u0165ujeme slu\u017eby vedouc\u00ed k napl\u0148ov\u00e1n\u00ed platn\u00e9 legislativy v t\u00e9to oblasti.K hlavn\u00ed n\u00e1plni na\u0161\u00ed \u010dinnosti pat\u0159\u00ed zpracov\u00e1n\u00ed: Protokolu o ur\u010den\u00ed vn\u011bj\u0161\u00edch vliv\u016f Dokumentace o [&hellip;]<\/p>\n","protected":false},"author":1,"featured_media":0,"parent":0,"menu_order":0,"comment_status":"closed","ping_status":"closed","template":"","meta":{"_et_pb_use_builder":"on","_et_pb_old_content":"","_et_gb_content_width":"","footnotes":""},"dipi_cpt_category":[],"class_list":["post-16246906","page","type-page","status-publish","hentry"],"_links":{"self":[{"href":"https:\/\/www.prodez.cz\/index.php\/wp-json\/wp\/v2\/pages\/16246906","targetHints":{"allow":["GET"]}}],"collection":[{"href":"https:\/\/www.prodez.cz\/index.php\/wp-json\/wp\/v2\/pages"}],"about":[{"href":"https:\/\/www.prodez.cz\/index.php\/wp-json\/wp\/v2\/types\/page"}],"author":[{"embeddable":true,"href":"https:\/\/www.prodez.cz\/index.php\/wp-json\/wp\/v2\/users\/1"}],"replies":[{"embeddable":true,"href":"https:\/\/www.prodez.cz\/index.php\/wp-json\/wp\/v2\/comments?post=16246906"}],"version-history":[{"count":6,"href":"https:\/\/www.prodez.cz\/index.php\/wp-json\/wp\/v2\/pages\/16246906\/revisions"}],"predecessor-version":[{"id":16247025,"href":"https:\/\/www.prodez.cz\/index.php\/wp-json\/wp\/v2\/pages\/16246906\/revisions\/16247025"}],"wp:attachment":[{"href":"https:\/\/www.prodez.cz\/index.php\/wp-json\/wp\/v2\/media?parent=16246906"}],"wp:term":[{"taxonomy":"dipi_cpt_category","embeddable":true,"href":"https:\/\/www.prodez.cz\/index.php\/wp-json\/wp\/v2\/dipi_cpt_category?post=16246906"}],"curies":[{"name":"wp","href":"https:\/\/api.w.org\/{rel}","templated":true}]}}